{"id":2,"date":"2022-07-05T19:24:22","date_gmt":"2022-07-05T18:24:22","guid":{"rendered":"https:\/\/orderofthegoodhair.ca\/home\/"},"modified":"2024-04-09T14:00:21","modified_gmt":"2024-04-09T18:00:21","slug":"home","status":"publish","type":"page","link":"https:\/\/orderofthegoodhair.ca\/en\/home\/","title":{"rendered":"ABOUT US"},"content":{"rendered":"<p class=\"wp-block-paragraph\"><strong>BIOGRAPHY<\/strong><\/p>\n\n\n\n<p class=\"has-black-color has-text-color has-background wp-block-paragraph\" style=\"background-color:#e8d18bab\">Phil\u00e9mon Dionne (il) (@<a href=\"https:\/\/www.instagram.com\/orderofthegoodhair\">OrderOfTheGoodHair<\/a>) is an inclusive hair artist situated on Ontario Street in Hochelaga-Maisonneuve. Stylist and colorist, Phil\u00e9mon is welcoming you in his hairdressing studio with his first passion : taking care of people. He's specialized in gender affirming haircuts. His services are offered on a sliding scale price list <em>pay what you can<\/em> according to offered service.<\/p>\n\n\n\n<p class=\"wp-block-paragraph\"><strong>LAND AKNOWLEDGEMENT<\/strong><\/p>\n\n\n\n<p class=\"has-black-color has-text-color has-background wp-block-paragraph\" style=\"background-color:#22959c87\">We recognize <em>OrderOfTheGoodHair | Artiste Coiffeur<\/em> est situ\u00e9 sur les terres non-c\u00e9d\u00e9es de la nation Kanien\u2019keh\u00e1:ka\/Mohawk : Tiohti\u00e0:ke\/Montr\u00e9al.&nbsp; Nous reconnaissons les Kanien\u2019keh\u00e1:ka commes les gardien.nes des terres et des eaux sur lesquelles nous nous rassemblons aujourd\u2019hui.<\/p>\n\n\n\n<p class=\"wp-block-paragraph\"><strong>ACCESSIBILITY<\/strong><\/p>\n\n\n\n<p class=\"has-black-color has-text-color has-background wp-block-paragraph\" style=\"background-color:#e3babab3\"><strong>Pour utiliser une rampe d&rsquo;acc\u00e8s<\/strong> : passez par le Caf\u00e9 Rond-Point (3213 Ontario E). Les deux espaces communiquent \u00e0 l&rsquo;int\u00e9rieur. (Si ferm\u00e9, s.v.p sonnez au 3215 Ontario E.)<\/p>\n\n\n\n<p class=\"has-black-color has-text-color has-background wp-block-paragraph\" style=\"background-color:#e3babab3\"><strong>How to get here<\/strong> Pr\u00e9fontaine metro station is 700 meters away and there\u2019s a bus stop for the 125 line a street corner away.<\/p>\n\n\n\n<p class=\"has-black-color has-text-color has-background wp-block-paragraph\" style=\"background-color:#e3babab3\"><strong>How to enter<\/strong> The studio is situated on street level. There is a 6 inches step and then a 5 inches threshold in front of the front door.  If you need an access ramp, please enter via the adjacent door at 3213 Ontario East (Caf\u00e9 Le Rond-Point) and use the sliding door on your right, in front of the cash register to enter the studio.  The studio is in the back of the room, which is a thrift store, you will need to cross approximately 15 feet (on a single level) to reach it.&nbsp;<\/p>\n\n\n\n<p class=\"has-black-color has-text-color has-background wp-block-paragraph\" style=\"background-color:#e3babab3\"><strong>Bathrooms<\/strong> There is a single, non-gendered, toilet room.  There is no accessibility hand bar, but we have an infant changing table at your disposal.<\/p>\n\n\n\n<p class=\"has-black-color has-text-color has-background wp-block-paragraph\" style=\"background-color:#e3babab3\"><strong>Sensory needs<\/strong> Fidget\/stim toys<em> fidget\/stim<\/em> and disposable ear plugs are at your disposition at all times during your appointment.  If you\u2019d prefer to not get your hair washed during the appointment, it is possible if your hair is freshly washed prior to our session.  Some music on which I don\u2019t have control over is played in the room.<\/p>\n\n\n\n<p class=\"has-black-color has-text-color has-background wp-block-paragraph\" style=\"background-color:#e3babab3\"><strong>Communication<\/strong> If you prefer written communication during the appointment, I have some paper and pen. Furthermore, I\u2019m glad to adapt to anyone using any other communication aid tools.<\/p>\n\n\n\n<p class=\"has-black-color has-text-color has-background wp-block-paragraph\" style=\"background-color:#e3babab3\"><strong>Proceedings of an appointment <\/strong>t: At your arrival, the salon is in the back of the room, behind the thrift store.  I will greet you and will invite you to sit down or wait for me to finish with the person I am with.  Then, we will discuss what your desires are. I invite you to come with reference pictures to help me visualize and understand what you want.  It is a great time to mention any concerns or accessibility accommodations you might need.&nbsp;<\/p>\n\n\n\n<p class=\"wp-block-paragraph\"><strong>Proceedings of a haircut :<\/strong><\/p>\n\n\n\n<ol style=\"background-color:#71b09a91\" class=\"has-background wp-block-list\">\n<li>We will start at the shampoo bowl, where I take care of washing your hair and massaging your scalp.  If you opted out of the hair washing, I\u2019m wetting it with a spray bottle.<\/li>\n\n\n\n<li>Haircut<\/li>\n\n\n\n<li>Drying and styling of your hair.  At this step, I use different styling products depending on your hair type. This is at this step that I finalize the cut on dry hair.<\/li>\n\n\n\n<li>When the haircut is done, I invite you to look at the front and the back of your head to confirm if you are satisfied.<\/li>\n\n\n\n<li>Then, we proceed to the payment and book a future appointment if you'd like.&nbsp;<\/li>\n<\/ol>\n\n\n\n<p class=\"has-black-color has-text-color has-background wp-block-paragraph\" style=\"background-color:#e8d18bab\">If you have any questions, concerns or demands, please don\u2019t hesitate to write them up as a comment while you book your appointment.&nbsp;<\/p>","protected":false},"excerpt":{"rendered":"<p>BIOGRAPHIE Phil\u00e9mon Dionne (il) (@OrderOfTheGoodHair) est un artiste coiffeur inclusif situ\u00e9 sur la rue Ontario dans Hochelaga-Maisonneuve. Styliste et coloriste, Phil\u00e9mon vous accueillera dans son studio de coiffure avec sa passion premi\u00e8re : prendre soin des gens. Il se sp\u00e9cialise dans les coupes affirmatives de genre. Ses services sont offerts sur une \u00e9chelle de prix &hellip; <\/p>\n<p class=\"link-more\"><a href=\"https:\/\/orderofthegoodhair.ca\/en\/home\/\" class=\"more-link\">Continue reading<span class=\"screen-reader-text\"> \u00ab\u00a0\u00c0 PROPOS\u00a0\u00bb<\/span><\/a><\/p>","protected":false},"author":223664127,"featured_media":181,"parent":0,"menu_order":0,"comment_status":"closed","ping_status":"closed","template":"header-footer-only","meta":{"_crdt_document":"","advanced_seo_description":"","jetpack_seo_html_title":"","jetpack_seo_noindex":false,"jetpack_post_was_ever_published":false,"footnotes":""},"class_list":["post-2","page","type-page","status-publish","has-post-thumbnail","hentry"],"jetpack_likes_enabled":null,"jetpack_sharing_enabled":false,"jetpack_shortlink":"https:\/\/wp.me\/Pe7hua-2","jetpack-related-posts":[],"_links":{"self":[{"href":"https:\/\/orderofthegoodhair.ca\/en\/wp-json\/wp\/v2\/pages\/2","targetHints":{"allow":["GET"]}}],"collection":[{"href":"https:\/\/orderofthegoodhair.ca\/en\/wp-json\/wp\/v2\/pages"}],"about":[{"href":"https:\/\/orderofthegoodhair.ca\/en\/wp-json\/wp\/v2\/types\/page"}],"author":[{"embeddable":true,"href":"https:\/\/orderofthegoodhair.ca\/en\/wp-json\/wp\/v2\/users\/223664127"}],"replies":[{"embeddable":true,"href":"https:\/\/orderofthegoodhair.ca\/en\/wp-json\/wp\/v2\/comments?post=2"}],"version-history":[{"count":33,"href":"https:\/\/orderofthegoodhair.ca\/en\/wp-json\/wp\/v2\/pages\/2\/revisions"}],"predecessor-version":[{"id":895,"href":"https:\/\/orderofthegoodhair.ca\/en\/wp-json\/wp\/v2\/pages\/2\/revisions\/895"}],"wp:featuredmedia":[{"embeddable":true,"href":"https:\/\/orderofthegoodhair.ca\/en\/wp-json\/wp\/v2\/media\/181"}],"wp:attachment":[{"href":"https:\/\/orderofthegoodhair.ca\/en\/wp-json\/wp\/v2\/media?parent=2"}],"curies":[{"name":"wp","href":"https:\/\/api.w.org\/{rel}","templated":true}]}}