{"id":36,"date":"2022-07-20T13:44:34","date_gmt":"2022-07-20T17:44:34","guid":{"rendered":"https:\/\/orderofthegoodhair.ca\/?page_id=36"},"modified":"2022-11-18T16:09:39","modified_gmt":"2022-11-18T21:09:39","slug":"don","status":"publish","type":"page","link":"https:\/\/orderofthegoodhair.ca\/en\/don\/","title":{"rendered":"DONATE A HAIRCUT"},"content":{"rendered":"<p class=\"has-background wp-block-paragraph\" style=\"background-color:#22959c87\">A haircut is for some a luxury service, but it shouldn\u2019t.  To help someone in a precarious situation access a professional hairstyling service, you can donate some change.  All donations are compiled and are used solely for this purpose.  Note that you can also make a donation in person or while paying for your own session.<\/p>\n\n\n\n<p class=\"has-background wp-block-paragraph\" style=\"background-color:#22959c87\">To inquire about this service, please communicate with us, either on Instagram, Facebook, e-mail or on site. I will inform you of the availability for a free haircut.<\/p>\n\n\n\n<div class=\"wp-block-buttons is-content-justification-center is-layout-flex wp-container-core-buttons-is-layout-fe48e5de wp-block-buttons-is-layout-flex\">\n<div class=\"wp-block-button has-custom-width wp-block-button__width-100 has-custom-font-size has-medium-font-size\"><a class=\"wp-block-button__link has-background wp-element-button\" href=\"https:\/\/checkout.square.site\/merchant\/MLY4ZGZ8B9Y89\/checkout\/FVC7N37INVMRQBDTJSA3S7P3\" style=\"background-color:#22959c\" target=\"_blank\" rel=\"noreferrer noopener\">DONATE A HAIRCUT<\/a><\/div>\n<\/div>","protected":false},"excerpt":{"rendered":"<p>Une coupe de cheveux est pour certain.es un service de luxe, mais \u00e7a ne devrait pas.&nbsp; Pour aider quelqu\u2019une dans une situation pr\u00e9caire \u00e0 acc\u00e9der \u00e0 un service de coiffure professionnel, vous pouvez faire un don.&nbsp; Toutes les donations sont compil\u00e9es et utilis\u00e9es seulement pour cette raison.&nbsp; Notez que vous pouvez aussi faire un don &hellip; <\/p>\n<p class=\"link-more\"><a href=\"https:\/\/orderofthegoodhair.ca\/en\/don\/\" class=\"more-link\">Continue reading<span class=\"screen-reader-text\"> \u00ab\u00a0DON\u00a0\u00bb<\/span><\/a><\/p>","protected":false},"author":223664127,"featured_media":0,"parent":0,"menu_order":0,"comment_status":"closed","ping_status":"closed","template":"","meta":{"_crdt_document":"","advanced_seo_description":"","jetpack_seo_html_title":"","jetpack_seo_noindex":false,"footnotes":""},"class_list":["post-36","page","type-page","status-publish","hentry"],"jetpack_likes_enabled":true,"jetpack_sharing_enabled":true,"jetpack_shortlink":"https:\/\/wp.me\/Pe7hua-A","jetpack-related-posts":[],"_links":{"self":[{"href":"https:\/\/orderofthegoodhair.ca\/en\/wp-json\/wp\/v2\/pages\/36","targetHints":{"allow":["GET"]}}],"collection":[{"href":"https:\/\/orderofthegoodhair.ca\/en\/wp-json\/wp\/v2\/pages"}],"about":[{"href":"https:\/\/orderofthegoodhair.ca\/en\/wp-json\/wp\/v2\/types\/page"}],"author":[{"embeddable":true,"href":"https:\/\/orderofthegoodhair.ca\/en\/wp-json\/wp\/v2\/users\/223664127"}],"replies":[{"embeddable":true,"href":"https:\/\/orderofthegoodhair.ca\/en\/wp-json\/wp\/v2\/comments?post=36"}],"version-history":[{"count":7,"href":"https:\/\/orderofthegoodhair.ca\/en\/wp-json\/wp\/v2\/pages\/36\/revisions"}],"predecessor-version":[{"id":510,"href":"https:\/\/orderofthegoodhair.ca\/en\/wp-json\/wp\/v2\/pages\/36\/revisions\/510"}],"wp:attachment":[{"href":"https:\/\/orderofthegoodhair.ca\/en\/wp-json\/wp\/v2\/media?parent=36"}],"curies":[{"name":"wp","href":"https:\/\/api.w.org\/{rel}","templated":true}]}}