{"id":2,"date":"2022-07-05T19:24:22","date_gmt":"2022-07-05T18:24:22","guid":{"rendered":"https:\/\/orderofthegoodhair.ca\/home\/"},"modified":"2024-04-09T14:00:21","modified_gmt":"2024-04-09T18:00:21","slug":"home","status":"publish","type":"page","link":"https:\/\/orderofthegoodhair.ca\/fr\/home\/","title":{"rendered":"\u00c0 PROPOS"},"content":{"rendered":"\n<p class=\"wp-block-paragraph\"><strong>BIOGRAPHIE<\/strong><\/p>\n\n\n\n<p class=\"has-black-color has-text-color has-background wp-block-paragraph\" style=\"background-color:#e8d18bab\">Phil\u00e9mon Dionne (il) (@<a href=\"https:\/\/www.instagram.com\/orderofthegoodhair\">OrderOfTheGoodHair<\/a>) est un artiste coiffeur inclusif situ\u00e9 sur la rue Ontario dans Hochelaga-Maisonneuve. Styliste et coloriste, Phil\u00e9mon vous accueillera dans son studio de coiffure avec sa passion premi\u00e8re : prendre soin des gens. Il se sp\u00e9cialise dans les coupes affirmatives de genre. Ses services sont offerts sur une \u00e9chelle de prix <em>pay what you can<\/em> selon le service offert.<\/p>\n\n\n\n<p class=\"wp-block-paragraph\"><strong>RECONNAISSANCE DU TERRITOIRE<\/strong><\/p>\n\n\n\n<p class=\"has-black-color has-text-color has-background wp-block-paragraph\" style=\"background-color:#22959c87\">Nous reconnaissons que <em>OrderOfTheGoodHair | Artiste Coiffeur<\/em> est situ\u00e9 sur les terres non-c\u00e9d\u00e9es de la nation Kanien\u2019keh\u00e1:ka\/Mohawk : Tiohti\u00e0:ke\/Montr\u00e9al.&nbsp; Nous reconnaissons les Kanien\u2019keh\u00e1:ka commes les gardien.nes des terres et des eaux sur lesquelles nous nous rassemblons aujourd\u2019hui.<\/p>\n\n\n\n<p class=\"wp-block-paragraph\"><strong>ACCESSIBILIT\u00c9<\/strong><\/p>\n\n\n\n<p class=\"has-black-color has-text-color has-background wp-block-paragraph\" style=\"background-color:#e3babab3\"><strong>Pour utiliser une rampe d&rsquo;acc\u00e8s<\/strong> : passez par le Caf\u00e9 Rond-Point (3213 Ontario E). Les deux espaces communiquent \u00e0 l&rsquo;int\u00e9rieur. (Si ferm\u00e9, s.v.p sonnez au 3215 Ontario E.)<\/p>\n\n\n\n<p class=\"has-black-color has-text-color has-background wp-block-paragraph\" style=\"background-color:#e3babab3\"><strong>Comment s\u2019y rendre<\/strong> : La station de m\u00e9tro Pr\u00e9fontaine est situ\u00e9e \u00e0 700 m\u00e8tres et il y a un arr\u00eat d\u2019autobus de la ligne 125 \u00e0 un coin de rue.<\/p>\n\n\n\n<p class=\"has-black-color has-text-color has-background wp-block-paragraph\" style=\"background-color:#e3babab3\"><strong>Comment entrer<\/strong> : Le studio est situ\u00e9 au niveau de la rue.&nbsp; Il y a une marche de 6 pouces et un seuil de 5 pouces devant la porte d\u2019entr\u00e9e.&nbsp; Si vous avez besoin d\u2019une rampe d\u2019acc\u00e8s, veuillez entrer par&nbsp; la porte du local adjacent au 3213 Ontario Est (Caf\u00e9 Le Rond-Point) et utilisez la porte coulissante \u00e0 votre droite, devant le comptoir-caisse pour acc\u00e9der au studio.&nbsp; Le studio est au fond du local \u00e9tant une friperie, vous aurez besoin de franchir environ 15 pieds (sur un seul niveau) pour l\u2019atteindre.&nbsp;<\/p>\n\n\n\n<p class=\"has-black-color has-text-color has-background wp-block-paragraph\" style=\"background-color:#e3babab3\"><strong>Salle de bains<\/strong> : La salle de bain est une salle de bain unique et non genr\u00e9e. La toilette ne poss\u00e8de pas de barre d&rsquo;accessibilit\u00e9, mais il y a une table \u00e0 langer pour enfant \u00e0 votre disposition.<\/p>\n\n\n\n<p class=\"has-black-color has-text-color has-background wp-block-paragraph\" style=\"background-color:#e3babab3\"><strong>Besoins sensoriels<\/strong> : Des jouets<em> fidget\/stim<\/em> et des bouchons d\u2019oreilles jetables sont \u00e0 votre disposition en tout temps pendant votre rendez-vous. De plus, il n\u2019est pas n\u00e9cessaire de laver vos cheveux au lavabo lors de votre rendez-vous, je peux faire une coupe sans lavage sur des cheveux propres. De la musique sur laquelle je n\u2019ai pas de contr\u00f4le est jou\u00e9e dans le local.<\/p>\n\n\n\n<p class=\"has-black-color has-text-color has-background wp-block-paragraph\" style=\"background-color:#e3babab3\"><strong>Communication<\/strong> : J\u2019ai \u00e0 ma disposition papier et crayon si vous pr\u00e9f\u00e9rez la communication \u00e9crite lors de votre rencontre. De plus, il me fait plaisir de m&rsquo;adapter \u00e0 une personne utilisant tout autre outils d\u2019aide \u00e0 la communication.<\/p>\n\n\n\n<p class=\"has-black-color has-text-color has-background wp-block-paragraph\" style=\"background-color:#e3babab3\"><strong>D\u00e9roulement de la s\u00e9ance <\/strong>: Lors de votre arriv\u00e9e, le salon est au fond de la pi\u00e8ce derri\u00e8re la friperie. Je vous saluerez et vous inviterez \u00e0 vous asseoir ou \u00e0 attendre que j\u2019ai termin\u00e9 avec la personne avant vous. Par la suite, je vous invite \u00e0 prendre place et nous discutons de ce que vous souhaitez. Je vous invite \u00e0 apporter des photos pour m\u2019aider \u00e0 mieux comprendre et visualiser ce que vous voulez. C\u2019est aussi un bon moment pour mentionner toute inqui\u00e9tude ou besoin d&rsquo;accessibilit\u00e9 que vous avez.&nbsp;<\/p>\n\n\n\n<p class=\"wp-block-paragraph\"><strong>D\u00e9roulement d\u2019une coupe:<\/strong><\/p>\n\n\n\n<ol style=\"background-color:#71b09a91\" class=\"has-background wp-block-list\">\n<li>Nous commen\u00e7ons au bol \u00e0 shampoing ou je prends soin de laver vos cheveux et masser le fond de votre t\u00eate. Si vous avez opt\u00e9 de ne pas vous faire laver les cheveux, je mouille ceux-ci avec un vaporisateur.<\/li>\n\n\n\n<li>Coupe.<\/li>\n\n\n\n<li>Mise en plis et s\u00e9chage des cheveux. \u00c0 cette \u00e9tape j\u2019emploi parfois plusieurs produits coiffants selon votre type de cheveux. C\u2019est \u00e0 cette \u00e9tape que je finalise la coupe sur cheveux secs.<\/li>\n\n\n\n<li>Lorsque votre coupe est termin\u00e9e je vous invite \u00e0 regarder le devant et le derri\u00e8re pour confirmer si cela vous satisfait.<\/li>\n\n\n\n<li>Par la suite nous proc\u00e9dons au paiement et nous prenons un prochain rendez-vous si vous le souhaitez.&nbsp;<\/li>\n<\/ol>\n\n\n\n<p class=\"has-black-color has-text-color has-background wp-block-paragraph\" style=\"background-color:#e8d18bab\">Si vous avez des questions, appr\u00e9hensions, besoins ou demandes, n\u2019h\u00e9sitez pas \u00e0 les inclure dans la section commentaires lorsque vous prenez rendez-vous ou de me les mentionner au d\u00e9but de votre rendez-vous.&nbsp;<\/p>\n","protected":false},"excerpt":{"rendered":"<p>BIOGRAPHIE Phil\u00e9mon Dionne (il) (@OrderOfTheGoodHair) est un artiste coiffeur inclusif situ\u00e9 sur la rue Ontario dans Hochelaga-Maisonneuve. Styliste et coloriste, Phil\u00e9mon vous accueillera dans son studio de coiffure avec sa passion premi\u00e8re : prendre soin des gens. Il se sp\u00e9cialise dans les coupes affirmatives de genre. Ses services sont offerts sur une \u00e9chelle de prix &hellip; <\/p>\n<p class=\"link-more\"><a href=\"https:\/\/orderofthegoodhair.ca\/fr\/home\/\" class=\"more-link\">Continuer la lecture<span class=\"screen-reader-text\"> de &laquo;&nbsp;\u00c0 PROPOS&nbsp;&raquo;<\/span><\/a><\/p>\n","protected":false},"author":223664127,"featured_media":181,"parent":0,"menu_order":0,"comment_status":"closed","ping_status":"closed","template":"header-footer-only","meta":{"_crdt_document":"","advanced_seo_description":"","jetpack_seo_html_title":"","jetpack_seo_noindex":false,"jetpack_post_was_ever_published":false,"footnotes":""},"class_list":["post-2","page","type-page","status-publish","has-post-thumbnail","hentry"],"jetpack_likes_enabled":null,"jetpack_sharing_enabled":false,"jetpack_shortlink":"https:\/\/wp.me\/Pe7hua-2","jetpack-related-posts":[],"_links":{"self":[{"href":"https:\/\/orderofthegoodhair.ca\/fr\/wp-json\/wp\/v2\/pages\/2","targetHints":{"allow":["GET"]}}],"collection":[{"href":"https:\/\/orderofthegoodhair.ca\/fr\/wp-json\/wp\/v2\/pages"}],"about":[{"href":"https:\/\/orderofthegoodhair.ca\/fr\/wp-json\/wp\/v2\/types\/page"}],"author":[{"embeddable":true,"href":"https:\/\/orderofthegoodhair.ca\/fr\/wp-json\/wp\/v2\/users\/223664127"}],"replies":[{"embeddable":true,"href":"https:\/\/orderofthegoodhair.ca\/fr\/wp-json\/wp\/v2\/comments?post=2"}],"version-history":[{"count":33,"href":"https:\/\/orderofthegoodhair.ca\/fr\/wp-json\/wp\/v2\/pages\/2\/revisions"}],"predecessor-version":[{"id":895,"href":"https:\/\/orderofthegoodhair.ca\/fr\/wp-json\/wp\/v2\/pages\/2\/revisions\/895"}],"wp:featuredmedia":[{"embeddable":true,"href":"https:\/\/orderofthegoodhair.ca\/fr\/wp-json\/wp\/v2\/media\/181"}],"wp:attachment":[{"href":"https:\/\/orderofthegoodhair.ca\/fr\/wp-json\/wp\/v2\/media?parent=2"}],"curies":[{"name":"wp","href":"https:\/\/api.w.org\/{rel}","templated":true}]}}